{"id":178,"date":"2021-07-26T17:11:35","date_gmt":"2021-07-26T15:11:35","guid":{"rendered":"https:\/\/quiquengrogne.fr\/?page_id=178"},"modified":"2021-07-26T17:28:18","modified_gmt":"2021-07-26T15:28:18","slug":"a-propos","status":"publish","type":"page","link":"https:\/\/quiquengrogne.fr\/?page_id=178","title":{"rendered":"A propos&#8230;"},"content":{"rendered":"\n<p>Petit blog sans pr\u00e9tention (surtout pr\u00e9texte \u00e0 r\u00e9utiliser WordPress, que j&rsquo;avais perdu de vue depuis quelques ann\u00e9es&#8230;) <\/p>\n\n\n\n<p>Si vous avez des infos susceptibles d&rsquo;enrichir ces pages (localisation des lieux-dits par exemple, contes et l\u00e9gendes locales, etc&#8230;) n&rsquo;h\u00e9sitez pas \u00e0 me joindre. <\/p>\n\n\n\n<p><strong>Adresse courriel de contact :<\/strong>   <\/p>\n\n\n\n<p>menovicien (arobase) quiquengrogne.fr<\/p>\n\n\n\n<p><\/p>\n\n\n\n<p><\/p>\n","protected":false},"excerpt":{"rendered":"<p>Petit blog sans pr\u00e9tention (surtout pr\u00e9texte \u00e0 r\u00e9utiliser WordPress, que j&rsquo;avais perdu de vue depuis quelques ann\u00e9es&#8230;) Si vous avez des infos susceptibles d&rsquo;enrichir ces pages (localisation des lieux-dits par exemple, contes et l\u00e9gendes locales, etc&#8230;) n&rsquo;h\u00e9sitez pas \u00e0 me joindre. Adresse courriel de contact : menovicien (arobase) quiquengrogne.fr<\/p>\n","protected":false},"author":1,"featured_media":0,"parent":0,"menu_order":0,"comment_status":"closed","ping_status":"closed","template":"","meta":{"footnotes":""},"class_list":["post-178","page","type-page","status-publish","hentry"],"_links":{"self":[{"href":"https:\/\/quiquengrogne.fr\/index.php?rest_route=\/wp\/v2\/pages\/178","targetHints":{"allow":["GET"]}}],"collection":[{"href":"https:\/\/quiquengrogne.fr\/index.php?rest_route=\/wp\/v2\/pages"}],"about":[{"href":"https:\/\/quiquengrogne.fr\/index.php?rest_route=\/wp\/v2\/types\/page"}],"author":[{"embeddable":true,"href":"https:\/\/quiquengrogne.fr\/index.php?rest_route=\/wp\/v2\/users\/1"}],"replies":[{"embeddable":true,"href":"https:\/\/quiquengrogne.fr\/index.php?rest_route=%2Fwp%2Fv2%2Fcomments&post=178"}],"version-history":[{"count":3,"href":"https:\/\/quiquengrogne.fr\/index.php?rest_route=\/wp\/v2\/pages\/178\/revisions"}],"predecessor-version":[{"id":190,"href":"https:\/\/quiquengrogne.fr\/index.php?rest_route=\/wp\/v2\/pages\/178\/revisions\/190"}],"wp:attachment":[{"href":"https:\/\/quiquengrogne.fr\/index.php?rest_route=%2Fwp%2Fv2%2Fmedia&parent=178"}],"curies":[{"name":"wp","href":"https:\/\/api.w.org\/{rel}","templated":true}]}}